{"id":2776,"date":"2026-04-11T04:31:49","date_gmt":"2026-04-11T04:31:49","guid":{"rendered":"https:\/\/waresboy.shop\/?post_type=product&#038;p=2776"},"modified":"2026-04-13T08:56:39","modified_gmt":"2026-04-13T08:56:39","slug":"iluminashop-ventilador-de-techo-con-luz-led-white-olga-mando-a-distancia-motor-dc-6-velocidades-silencioso-aspas-retractiles-funcion-verano-invierno-temporizador-cct","status":"publish","type":"product","link":"https:\/\/waresboy.shop\/es\/producto\/iluminashop-ventilador-de-techo-con-luz-led-white-olga-mando-a-distancia-motor-dc-6-velocidades-silencioso-aspas-retractiles-funcion-verano-invierno-temporizador-cct\/","title":{"rendered":"Iluminashop - Ventilador de Techo con luz Led White Olga, Mando a Distancia, Motor DC, 6 velocidades, Silencioso, Aspas retr\u00e1ctiles, funci\u00f3n verano-invierno, temporizador, CCT"},"content":{"rendered":"<div data-elementor-type=\"product-post\" data-elementor-id=\"2776\" class=\"elementor elementor-2776\" data-elementor-post-type=\"product\">\n\t\t\t\t<div class=\"elementor-element elementor-element-6358b6ea e-flex e-con-boxed e-con e-parent\" data-id=\"6358b6ea\" data-element_type=\"container\" data-settings=\"{&quot;ekit_has_onepagescroll_dot&quot;:&quot;yes&quot;}\">\n\t\t\t\t\t<div class=\"e-con-inner\">\n\t\t\t\t<div class=\"elementor-element elementor-element-e385669 elementor-widget elementor-widget-image\" data-id=\"e385669\" data-element_type=\"widget\" data-settings=\"{&quot;ekit_we_effect_on&quot;:&quot;none&quot;}\" data-widget_type=\"image.default\">\n\t\t\t\t<div class=\"elementor-widget-container\">\n\t\t\t\t\t\t\t\t\t\t\t\t\t\t\t<img fetchpriority=\"high\" decoding=\"async\" width=\"1500\" height=\"1500\" src=\"https:\/\/waresboy.shop\/wp-content\/uploads\/2026\/04\/61gH4OjjShL._AC_SL1500_-1.jpg\" class=\"attachment-full size-full wp-image-2782 wvs-archive-product-image\" alt=\"\" srcset=\"https:\/\/waresboy.shop\/wp-content\/uploads\/2026\/04\/61gH4OjjShL._AC_SL1500_-1.jpg 1500w, https:\/\/waresboy.shop\/wp-content\/uploads\/2026\/04\/61gH4OjjShL._AC_SL1500_-1-300x300.jpg 300w, https:\/\/waresboy.shop\/wp-content\/uploads\/2026\/04\/61gH4OjjShL._AC_SL1500_-1-1024x1024.jpg 1024w, https:\/\/waresboy.shop\/wp-content\/uploads\/2026\/04\/61gH4OjjShL._AC_SL1500_-1-150x150.jpg 150w, https:\/\/waresboy.shop\/wp-content\/uploads\/2026\/04\/61gH4OjjShL._AC_SL1500_-1-768x768.jpg 768w, https:\/\/waresboy.shop\/wp-content\/uploads\/2026\/04\/61gH4OjjShL._AC_SL1500_-1-12x12.jpg 12w, https:\/\/waresboy.shop\/wp-content\/uploads\/2026\/04\/61gH4OjjShL._AC_SL1500_-1-600x600.jpg 600w, https:\/\/waresboy.shop\/wp-content\/uploads\/2026\/04\/61gH4OjjShL._AC_SL1500_-1-100x100.jpg 100w, https:\/\/waresboy.shop\/wp-content\/uploads\/2026\/04\/61gH4OjjShL._AC_SL1500_-1-50x50.jpg 50w\" sizes=\"(max-width: 1500px) 100vw, 1500px\" \/>\t\t\t\t\t\t\t\t\t\t\t\t\t\t\t<\/div>\n\t\t\t\t<\/div>\n\t\t\t\t<div class=\"elementor-element elementor-element-413665f0 elementor-widget elementor-widget-text-editor\" data-id=\"413665f0\" data-element_type=\"widget\" data-settings=\"{&quot;ekit_we_effect_on&quot;:&quot;none&quot;}\" data-widget_type=\"text-editor.default\">\n\t\t\t\t<div class=\"elementor-widget-container\">\n\t\t\t\t\t\t\t\t\t<ul class=\"a-unordered-list a-vertical a-spacing-mini\"><li class=\"a-spacing-mini\"><span class=\"a-list-item\">Leise: Ledme ofrece un desventilador con motor de corriente continua, que nos permite prescindir de la sobrecarga del motor y obtener una luz ultraligera.<\/span><\/li><li class=\"a-spacing-mini\"><span class=\"a-list-item\">6 modos de funcionamiento: Funciona con un motor de corriente continua de cobre, que proporciona un producto eficiente.<\/span><\/li><li class=\"a-spacing-mini\"><span class=\"a-list-item\">\u2705 \u3010Dimmbares LED-Licht\u3011Ledme stellt Deckenventilator mit LED-Licht her, mit der Fernbedienung erm\u00f6glicht es uns, den Farbtemperaturton zu \u00e4ndern (2700 K \"warmes Licht\", 4000 K \"nat\u00fcrliches Licht\" oder 6000 K \"kaltes Licht\"), so dass wir uns an die gew\u00fcnschte Farbe der Temperatur anpassen k\u00f6nnen.<\/span><\/li><li class=\"a-spacing-mini\"><span class=\"a-list-item\">\u2705 \u3010Ausklappbarer Fl\u00fcgelventilator\u3011Dank der ausklappbaren Fl\u00fcgel k\u00f6nnen wir die Fl\u00fcgel verstecken, so dass Sie einen dekorativeren Ventilator haben, indem Sie die M\u00f6glichkeit haben, sie zu verstecken. Sobald wir den Ventilatormodus verwenden m\u00f6chten, entfalten sich die Fl\u00fcgel f\u00fcr einen angenehmen und k\u00fchlen Moment.<\/span><\/li><li class=\"a-spacing-mini\"><span class=\"a-list-item\">\u2705 Qualitativ hochwertig<\/span><\/li><\/ul>\t\t\t\t\t\t\t\t<\/div>\n\t\t\t\t<\/div>\n\t\t\t\t<div class=\"elementor-element elementor-element-5a06dd93 elementor-widget elementor-widget-image\" data-id=\"5a06dd93\" data-element_type=\"widget\" data-settings=\"{&quot;ekit_we_effect_on&quot;:&quot;none&quot;}\" data-widget_type=\"image.default\">\n\t\t\t\t<div class=\"elementor-widget-container\">\n\t\t\t\t\t\t\t\t\t\t\t\t\t\t\t<img decoding=\"async\" width=\"1399\" height=\"1026\" src=\"https:\/\/waresboy.shop\/wp-content\/uploads\/2026\/04\/51B5cT9L3LL._AC_SL1500_-1.jpg\" class=\"attachment-full size-full wp-image-2783 wvs-archive-product-image\" alt=\"\" srcset=\"https:\/\/waresboy.shop\/wp-content\/uploads\/2026\/04\/51B5cT9L3LL._AC_SL1500_-1.jpg 1399w, https:\/\/waresboy.shop\/wp-content\/uploads\/2026\/04\/51B5cT9L3LL._AC_SL1500_-1-300x220.jpg 300w, https:\/\/waresboy.shop\/wp-content\/uploads\/2026\/04\/51B5cT9L3LL._AC_SL1500_-1-1024x751.jpg 1024w, https:\/\/waresboy.shop\/wp-content\/uploads\/2026\/04\/51B5cT9L3LL._AC_SL1500_-1-768x563.jpg 768w, https:\/\/waresboy.shop\/wp-content\/uploads\/2026\/04\/51B5cT9L3LL._AC_SL1500_-1-16x12.jpg 16w, https:\/\/waresboy.shop\/wp-content\/uploads\/2026\/04\/51B5cT9L3LL._AC_SL1500_-1-600x440.jpg 600w\" sizes=\"(max-width: 1399px) 100vw, 1399px\" \/>\t\t\t\t\t\t\t\t\t\t\t\t\t\t\t<\/div>\n\t\t\t\t<\/div>\n\t\t\t\t<div class=\"elementor-element elementor-element-c367d elementor-widget elementor-widget-image\" data-id=\"c367d\" data-element_type=\"widget\" data-settings=\"{&quot;ekit_we_effect_on&quot;:&quot;none&quot;}\" data-widget_type=\"image.default\">\n\t\t\t\t<div class=\"elementor-widget-container\">\n\t\t\t\t\t\t\t\t\t\t\t\t\t\t\t<img decoding=\"async\" width=\"1500\" height=\"1500\" src=\"https:\/\/waresboy.shop\/wp-content\/uploads\/2026\/04\/713cPEVTIL._AC_SL1500_-1.jpg\" class=\"attachment-full size-full wp-image-2784 wvs-archive-product-image\" alt=\"\" srcset=\"https:\/\/waresboy.shop\/wp-content\/uploads\/2026\/04\/713cPEVTIL._AC_SL1500_-1.jpg 1500w, https:\/\/waresboy.shop\/wp-content\/uploads\/2026\/04\/713cPEVTIL._AC_SL1500_-1-300x300.jpg 300w, https:\/\/waresboy.shop\/wp-content\/uploads\/2026\/04\/713cPEVTIL._AC_SL1500_-1-1024x1024.jpg 1024w, https:\/\/waresboy.shop\/wp-content\/uploads\/2026\/04\/713cPEVTIL._AC_SL1500_-1-150x150.jpg 150w, https:\/\/waresboy.shop\/wp-content\/uploads\/2026\/04\/713cPEVTIL._AC_SL1500_-1-768x768.jpg 768w, https:\/\/waresboy.shop\/wp-content\/uploads\/2026\/04\/713cPEVTIL._AC_SL1500_-1-12x12.jpg 12w, https:\/\/waresboy.shop\/wp-content\/uploads\/2026\/04\/713cPEVTIL._AC_SL1500_-1-600x600.jpg 600w, https:\/\/waresboy.shop\/wp-content\/uploads\/2026\/04\/713cPEVTIL._AC_SL1500_-1-100x100.jpg 100w, https:\/\/waresboy.shop\/wp-content\/uploads\/2026\/04\/713cPEVTIL._AC_SL1500_-1-50x50.jpg 50w\" sizes=\"(max-width: 1500px) 100vw, 1500px\" \/>\t\t\t\t\t\t\t\t\t\t\t\t\t\t\t<\/div>\n\t\t\t\t<\/div>\n\t\t\t\t<div class=\"elementor-element elementor-element-1ca4dcba elementor-widget elementor-widget-image\" data-id=\"1ca4dcba\" data-element_type=\"widget\" data-settings=\"{&quot;ekit_we_effect_on&quot;:&quot;none&quot;}\" data-widget_type=\"image.default\">\n\t\t\t\t<div class=\"elementor-widget-container\">\n\t\t\t\t\t\t\t\t\t\t\t\t\t\t\t<img loading=\"lazy\" decoding=\"async\" width=\"1500\" height=\"1500\" src=\"https:\/\/waresboy.shop\/wp-content\/uploads\/2026\/04\/61UssFVClxL._AC_SL1500_.jpg\" class=\"attachment-full size-full wp-image-2785 wvs-archive-product-image\" alt=\"\" srcset=\"https:\/\/waresboy.shop\/wp-content\/uploads\/2026\/04\/61UssFVClxL._AC_SL1500_.jpg 1500w, https:\/\/waresboy.shop\/wp-content\/uploads\/2026\/04\/61UssFVClxL._AC_SL1500_-300x300.jpg 300w, https:\/\/waresboy.shop\/wp-content\/uploads\/2026\/04\/61UssFVClxL._AC_SL1500_-1024x1024.jpg 1024w, https:\/\/waresboy.shop\/wp-content\/uploads\/2026\/04\/61UssFVClxL._AC_SL1500_-150x150.jpg 150w, https:\/\/waresboy.shop\/wp-content\/uploads\/2026\/04\/61UssFVClxL._AC_SL1500_-768x768.jpg 768w, https:\/\/waresboy.shop\/wp-content\/uploads\/2026\/04\/61UssFVClxL._AC_SL1500_-12x12.jpg 12w, https:\/\/waresboy.shop\/wp-content\/uploads\/2026\/04\/61UssFVClxL._AC_SL1500_-600x600.jpg 600w, https:\/\/waresboy.shop\/wp-content\/uploads\/2026\/04\/61UssFVClxL._AC_SL1500_-100x100.jpg 100w, https:\/\/waresboy.shop\/wp-content\/uploads\/2026\/04\/61UssFVClxL._AC_SL1500_-50x50.jpg 50w\" sizes=\"(max-width: 1500px) 100vw, 1500px\" \/>\t\t\t\t\t\t\t\t\t\t\t\t\t\t\t<\/div>\n\t\t\t\t<\/div>\n\t\t\t\t<div class=\"elementor-element elementor-element-36adcf93 elementor-widget elementor-widget-image\" data-id=\"36adcf93\" data-element_type=\"widget\" data-settings=\"{&quot;ekit_we_effect_on&quot;:&quot;none&quot;}\" data-widget_type=\"image.default\">\n\t\t\t\t<div class=\"elementor-widget-container\">\n\t\t\t\t\t\t\t\t\t\t\t\t\t\t\t<img loading=\"lazy\" decoding=\"async\" width=\"1500\" height=\"1500\" src=\"https:\/\/waresboy.shop\/wp-content\/uploads\/2026\/04\/619ENG38owL._AC_SL1500_.jpg\" class=\"attachment-full size-full wp-image-2786 wvs-archive-product-image\" alt=\"\" srcset=\"https:\/\/waresboy.shop\/wp-content\/uploads\/2026\/04\/619ENG38owL._AC_SL1500_.jpg 1500w, https:\/\/waresboy.shop\/wp-content\/uploads\/2026\/04\/619ENG38owL._AC_SL1500_-300x300.jpg 300w, https:\/\/waresboy.shop\/wp-content\/uploads\/2026\/04\/619ENG38owL._AC_SL1500_-1024x1024.jpg 1024w, https:\/\/waresboy.shop\/wp-content\/uploads\/2026\/04\/619ENG38owL._AC_SL1500_-150x150.jpg 150w, https:\/\/waresboy.shop\/wp-content\/uploads\/2026\/04\/619ENG38owL._AC_SL1500_-768x768.jpg 768w, https:\/\/waresboy.shop\/wp-content\/uploads\/2026\/04\/619ENG38owL._AC_SL1500_-12x12.jpg 12w, https:\/\/waresboy.shop\/wp-content\/uploads\/2026\/04\/619ENG38owL._AC_SL1500_-600x600.jpg 600w, https:\/\/waresboy.shop\/wp-content\/uploads\/2026\/04\/619ENG38owL._AC_SL1500_-100x100.jpg 100w, https:\/\/waresboy.shop\/wp-content\/uploads\/2026\/04\/619ENG38owL._AC_SL1500_-50x50.jpg 50w\" sizes=\"(max-width: 1500px) 100vw, 1500px\" \/>\t\t\t\t\t\t\t\t\t\t\t\t\t\t\t<\/div>\n\t\t\t\t<\/div>\n\t\t\t\t<div class=\"elementor-element elementor-element-5b3e54ed elementor-widget elementor-widget-text-editor\" data-id=\"5b3e54ed\" data-element_type=\"widget\" data-settings=\"{&quot;ekit_we_effect_on&quot;:&quot;none&quot;}\" data-widget_type=\"text-editor.default\">\n\t\t\t\t<div class=\"elementor-widget-container\">\n\t\t\t\t\t\t\t\t\t<h3>\ud83d\udca1 Ventilador de techo moderno con luz LED<\/h3><div>\u00a0<\/div><div>El ventilador de techo Olga LED blanco de Iluminashop combina una iluminaci\u00f3n eficiente y una potente refrigeraci\u00f3n en un dise\u00f1o elegante. Su acabado en blanco limpio se integra perfectamente en cualquier interior moderno, aportando estilo y confort a su sal\u00f3n, dormitorio o comedor.<\/div><div>\u00a0<\/div><h3>\ud83c\udf00 Motor DC silencioso y 6 velocidades<\/h3><div>\u00a0<\/div><div>Con un motor de alto rendimiento <strong>Motor de CC<\/strong> que funciona de forma extremadamente silenciosa a la vez que ofrece <strong>6 niveles de velocidad ajustables<\/strong>. Disfrute de un flujo de aire personalizado con el m\u00ednimo ruido, creando un ambiente tranquilo y confortable a cualquier hora del d\u00eda.<\/div><div>\u00a0<\/div><h3>\ud83d\udee1\ufe0f Cuchillas retr\u00e1ctiles y funci\u00f3n verano-invierno<\/h3><div>\u00a0<\/div><div>Caracter\u00edsticas <strong>cuchillas retr\u00e1ctiles<\/strong> que se expanden cuando est\u00e1 en uso y se pliegan cuando est\u00e1 inactivo para una apariencia elegante. La doble <strong>funci\u00f3n verano-invierno<\/strong> optimiza la circulaci\u00f3n del aire durante todo el a\u00f1o, manteniendo los espacios frescos cuando hace calor y distribuyendo el aire caliente en los meses m\u00e1s fr\u00edos.<\/div><div>\u00a0<\/div><h3>\u23f1\ufe0f Control inteligente completo<\/h3><div>\u00a0<\/div><div>Controla todo f\u00e1cilmente con el <strong>mando a distancia<\/strong>. Ajuste las velocidades, fije el <strong>temporizador<\/strong>, cambiar los modos de iluminaci\u00f3n y gestionar <strong>CCT (temperatura de color)<\/strong> sin esfuerzo. Pr\u00e1ctico, funcional y dise\u00f1ado para una vida moderna y c\u00f3moda.<\/div>\t\t\t\t\t\t\t\t<\/div>\n\t\t\t\t<\/div>\n\t\t\t\t<div class=\"elementor-element elementor-element-29525cf elementor-widget elementor-widget-text-editor\" data-id=\"29525cf\" data-element_type=\"widget\" data-settings=\"{&quot;ekit_we_effect_on&quot;:&quot;none&quot;}\" data-widget_type=\"text-editor.default\">\n\t\t\t\t<div class=\"elementor-widget-container\">\n\t\t\t\t\t\t\t\t\t<!DOCTYPE html>\n<html lang=\"en\">\n<head>\n<meta charset=\"UTF-8\">\n<meta name=\"viewport\" content=\"width=device-width, initial-scale=1.0\">\n<title>Product Details<\/title>\n<style>\n  * {\n    margin: 0;\n    padding: 0;\n    box-sizing: border-box;\n  }\n  body {\n    background: transparent;\n    font-family: 'Inter', 'Segoe UI', system-ui, sans-serif;\n  }\n  .spec-table {\n    width: 100%;\n    border-collapse: collapse;\n    font-size: 14px;\n    line-height: 1.8;\n  }\n  .spec-table tr {\n    border-bottom: 1px solid #e6eef7;\n  }\n  .spec-table td:nth-child(1),\n  .spec-table td:nth-child(3) {\n    width: 20%;\n    font-weight: 500;\n    color: #2d70b3;\n    background: #f5f9ff;\n    padding: 12px 14px;\n    text-align: left;\n    vertical-align: top;\n  }\n  .spec-table td:nth-child(2),\n  .spec-table td:nth-child(4) {\n    width: 30%;\n    color: #333;\n    background: #fff;\n    padding: 12px 14px;\n    text-align: left;\n    vertical-align: top;\n  }\n<\/style>\n<\/head>\n<body>\n\n<table class=\"spec-table\">\n  <tr>\n    <td>Marca<\/td>\n    <td>Iluminashop<\/td>\n    <td>Modelo<\/td>\n    <td>Olga Blanco<\/td>\n  <\/tr>\n  <tr>\n    <td>Tipo<\/td>\n    <td>Ventilador de techo con luz LED<\/td>\n    <td>Controlar<\/td>\n    <td>Mando a distancia<\/td>\n  <\/tr>\n  <tr>\n    <td>Motor<\/td>\n    <td>Motor de CC<\/td>\n    <td>Velocidades<\/td>\n    <td>6 niveles de velocidad<\/td>\n  <\/tr>\n  <tr>\n    <td>Caracter\u00edstica<\/td>\n    <td>Funcionamiento silencioso<\/td>\n    <td>Cuchillas<\/td>\n    <td>Cuchillas retr\u00e1ctiles<\/td>\n  <\/tr>\n<\/table>\n\n<\/body>\n<\/html>\t\t\t\t\t\t\t\t<\/div>\n\t\t\t\t<\/div>\n\t\t\t\t\t<\/div>\n\t\t\t\t<\/div>\n\t\t\t\t<\/div>","protected":false},"excerpt":{"rendered":"<p>Leise: Ledme stellt Deckenventilator mit DC-Motor her, die dazu beitragen, dass wir keine Motorger\u00e4usche haben und einen ultra-leisen L\u00fcfter genie\u00dfen k\u00f6nnen. 6 Geschwindigkeiten: Verf\u00fcgt \u00fcber einen DC-Motor aus Kupfer, der ein effizienteres Produkt f\u00f6rdert. \u2705 \u3010Dimmbares LED-Licht\u3011Ledme stellt Deckenventilator mit LED-Licht her, mit der Fernbedienung erm\u00f6glicht es uns, den Farbtemperaturton zu \u00e4ndern (2700 K &#8220;warmes [&hellip;]<\/p>","protected":false},"featured_media":2777,"comment_status":"open","ping_status":"closed","template":"","meta":{"_acf_changed":false},"product_brand":[],"product_cat":[35],"product_tag":[],"class_list":{"0":"post-2776","1":"product","2":"type-product","3":"status-publish","4":"has-post-thumbnail","6":"product_cat-sale","8":"first","9":"instock","10":"sale","11":"shipping-taxable","12":"purchasable","13":"product-type-simple"},"acf":[],"_links":{"self":[{"href":"https:\/\/waresboy.shop\/es\/wp-json\/wp\/v2\/product\/2776","targetHints":{"allow":["GET"]}}],"collection":[{"href":"https:\/\/waresboy.shop\/es\/wp-json\/wp\/v2\/product"}],"about":[{"href":"https:\/\/waresboy.shop\/es\/wp-json\/wp\/v2\/types\/product"}],"replies":[{"embeddable":true,"href":"https:\/\/waresboy.shop\/es\/wp-json\/wp\/v2\/comments?post=2776"}],"version-history":[{"count":4,"href":"https:\/\/waresboy.shop\/es\/wp-json\/wp\/v2\/product\/2776\/revisions"}],"predecessor-version":[{"id":2794,"href":"https:\/\/waresboy.shop\/es\/wp-json\/wp\/v2\/product\/2776\/revisions\/2794"}],"wp:featuredmedia":[{"embeddable":true,"href":"https:\/\/waresboy.shop\/es\/wp-json\/wp\/v2\/media\/2777"}],"wp:attachment":[{"href":"https:\/\/waresboy.shop\/es\/wp-json\/wp\/v2\/media?parent=2776"}],"wp:term":[{"taxonomy":"product_brand","embeddable":true,"href":"https:\/\/waresboy.shop\/es\/wp-json\/wp\/v2\/product_brand?post=2776"},{"taxonomy":"product_cat","embeddable":true,"href":"https:\/\/waresboy.shop\/es\/wp-json\/wp\/v2\/product_cat?post=2776"},{"taxonomy":"product_tag","embeddable":true,"href":"https:\/\/waresboy.shop\/es\/wp-json\/wp\/v2\/product_tag?post=2776"}],"curies":[{"name":"wp","href":"https:\/\/api.w.org\/{rel}","templated":true}]}}