{"id":2286,"date":"2026-01-14T02:22:17","date_gmt":"2026-01-14T02:22:17","guid":{"rendered":"https:\/\/waresboy.shop\/?post_type=product&#038;p=2286"},"modified":"2026-01-14T02:32:17","modified_gmt":"2026-01-14T02:32:17","slug":"nobleza-cama-elevada-perro-cama-refrescante-perro-cama-de-mascotas-transpirable-para-exterior-interior-jardin-terraza-cama-perro-robusto-lavable-para-perro","status":"publish","type":"product","link":"https:\/\/waresboy.shop\/es\/producto\/nobleza-cama-elevada-perro-cama-refrescante-perro-cama-de-mascotas-transpirable-para-exterior-interior-jardin-terraza-cama-perro-robusto-lavable-para-perro\/","title":{"rendered":"Nobleza Cama Elevada Perro, Cama Refrescante Perro, Cama de Mascotas Transpirable para Exterior Interior Jard\u00edn Terraza, Cama Perro Robusto Lavable para perro"},"content":{"rendered":"<p><img fetchpriority=\"high\" decoding=\"async\" class=\"aligncenter\" src=\"https:\/\/waresboy.shop\/wp-content\/uploads\/2026\/01\/2-25-1024x420.jpg\" sizes=\"(max-width: 800px) 100vw, 800px\" srcset=\"https:\/\/waresboy.shop\/wp-content\/uploads\/2026\/01\/2-25-1024x420.jpg 1024w, https:\/\/waresboy.shop\/wp-content\/uploads\/2026\/01\/2-25-300x123.jpg 300w, https:\/\/waresboy.shop\/wp-content\/uploads\/2026\/01\/2-25-768x315.jpg 768w, https:\/\/waresboy.shop\/wp-content\/uploads\/2026\/01\/2-25-600x246.jpg 600w, https:\/\/waresboy.shop\/wp-content\/uploads\/2026\/01\/2-25.jpg 1464w\" alt=\"\" width=\"800\" height=\"328\" \/><br \/>\n<img decoding=\"async\" class=\"aligncenter\" src=\"https:\/\/waresboy.shop\/wp-content\/uploads\/2026\/01\/1-21-1024x420.jpg\" sizes=\"(max-width: 800px) 100vw, 800px\" srcset=\"https:\/\/waresboy.shop\/wp-content\/uploads\/2026\/01\/1-21-1024x420.jpg 1024w, https:\/\/waresboy.shop\/wp-content\/uploads\/2026\/01\/1-21-300x123.jpg 300w, https:\/\/waresboy.shop\/wp-content\/uploads\/2026\/01\/1-21-768x315.jpg 768w, https:\/\/waresboy.shop\/wp-content\/uploads\/2026\/01\/1-21-600x246.jpg 600w, https:\/\/waresboy.shop\/wp-content\/uploads\/2026\/01\/1-21.jpg 1464w\" alt=\"\" width=\"800\" height=\"328\" \/><br \/>\n<img decoding=\"async\" class=\"aligncenter\" src=\"https:\/\/waresboy.shop\/wp-content\/uploads\/2026\/01\/4-17-1024x420.jpg\" sizes=\"(max-width: 800px) 100vw, 800px\" srcset=\"https:\/\/waresboy.shop\/wp-content\/uploads\/2026\/01\/4-17-1024x420.jpg 1024w, https:\/\/waresboy.shop\/wp-content\/uploads\/2026\/01\/4-17-300x123.jpg 300w, https:\/\/waresboy.shop\/wp-content\/uploads\/2026\/01\/4-17-768x315.jpg 768w, https:\/\/waresboy.shop\/wp-content\/uploads\/2026\/01\/4-17-600x246.jpg 600w, https:\/\/waresboy.shop\/wp-content\/uploads\/2026\/01\/4-17.jpg 1464w\" alt=\"\" width=\"800\" height=\"328\" \/><br \/>\n<img loading=\"lazy\" decoding=\"async\" class=\"aligncenter\" src=\"https:\/\/waresboy.shop\/wp-content\/uploads\/2026\/01\/3-20-1024x420.jpg\" sizes=\"(max-width: 800px) 100vw, 800px\" srcset=\"https:\/\/waresboy.shop\/wp-content\/uploads\/2026\/01\/3-20-1024x420.jpg 1024w, https:\/\/waresboy.shop\/wp-content\/uploads\/2026\/01\/3-20-300x123.jpg 300w, https:\/\/waresboy.shop\/wp-content\/uploads\/2026\/01\/3-20-768x315.jpg 768w, https:\/\/waresboy.shop\/wp-content\/uploads\/2026\/01\/3-20-600x246.jpg 600w, https:\/\/waresboy.shop\/wp-content\/uploads\/2026\/01\/3-20.jpg 1464w\" alt=\"\" width=\"800\" height=\"328\" \/><\/p>\n<ul>\n<li>Cama perfecta para mascotas: M\u00e1s acogedora y m\u00e1s estable. Adem\u00e1s, no s\u00f3lo protege su suelo de ara\u00f1azos, sino que tambi\u00e9n evita que la cama para mascotas se deslice cuando su mascota salta dentro o fuera.<\/li>\n<li>Mant\u00e9ngase siempre fresco: Su mascota se mantiene fresca cuando se relaja con el calor. Adem\u00e1s, la cama para mascotas es resistente al calor, robusta y transpirable.<\/li>\n<li>Ligero y port\u00e1til: Adecuado para interiores, exteriores, picnics, camping, entrenamiento... \u00a1Disfruta de un buen sue\u00f1o en cualquier momento y lugar!<\/li>\n<li>Cama elevada para mascotas: La cama para mascotas ayuda a las mascotas a mantenerse frescas en la c\u00e1lida primavera y el verano, y las mantiene alejadas del suelo h\u00famedo\/fr\u00edo.<\/li>\n<li>Esta cama elevada favorece la circulaci\u00f3n del aire y reduce la presi\u00f3n articular, ayudando a las mascotas a mantenerse frescas y a dormir c\u00f3modamente.<\/li>\n<\/ul>","protected":false},"excerpt":{"rendered":"<p>Perfect Pet Bed: More friendly and more stable. In addition, it not only protects your floor from scratches, but also prevents the pet bed from sliding when your pet jumps on or off. Always Stay Cool: Your pet stays cool when relaxing in the heat. In addition, the pet bed is heat-resistant, sturdy and breathable. [&hellip;]<\/p>","protected":false},"featured_media":2295,"comment_status":"open","ping_status":"closed","template":"","meta":{"_acf_changed":false},"product_brand":[],"product_cat":[41],"product_tag":[],"class_list":{"0":"post-2286","1":"product","2":"type-product","3":"status-publish","4":"has-post-thumbnail","6":"product_cat-home-living","8":"first","9":"instock","10":"sale","11":"shipping-taxable","12":"purchasable","13":"product-type-variable","14":"has-default-attributes","15":"wvs-archive-product-wrapper"},"acf":[],"_links":{"self":[{"href":"https:\/\/waresboy.shop\/es\/wp-json\/wp\/v2\/product\/2286","targetHints":{"allow":["GET"]}}],"collection":[{"href":"https:\/\/waresboy.shop\/es\/wp-json\/wp\/v2\/product"}],"about":[{"href":"https:\/\/waresboy.shop\/es\/wp-json\/wp\/v2\/types\/product"}],"replies":[{"embeddable":true,"href":"https:\/\/waresboy.shop\/es\/wp-json\/wp\/v2\/comments?post=2286"}],"version-history":[{"count":2,"href":"https:\/\/waresboy.shop\/es\/wp-json\/wp\/v2\/product\/2286\/revisions"}],"predecessor-version":[{"id":2326,"href":"https:\/\/waresboy.shop\/es\/wp-json\/wp\/v2\/product\/2286\/revisions\/2326"}],"wp:featuredmedia":[{"embeddable":true,"href":"https:\/\/waresboy.shop\/es\/wp-json\/wp\/v2\/media\/2295"}],"wp:attachment":[{"href":"https:\/\/waresboy.shop\/es\/wp-json\/wp\/v2\/media?parent=2286"}],"wp:term":[{"taxonomy":"product_brand","embeddable":true,"href":"https:\/\/waresboy.shop\/es\/wp-json\/wp\/v2\/product_brand?post=2286"},{"taxonomy":"product_cat","embeddable":true,"href":"https:\/\/waresboy.shop\/es\/wp-json\/wp\/v2\/product_cat?post=2286"},{"taxonomy":"product_tag","embeddable":true,"href":"https:\/\/waresboy.shop\/es\/wp-json\/wp\/v2\/product_tag?post=2286"}],"curies":[{"name":"wp","href":"https:\/\/api.w.org\/{rel}","templated":true}]}}