{"id":2192,"date":"2025-12-28T10:31:38","date_gmt":"2025-12-28T10:31:38","guid":{"rendered":"https:\/\/waresboy.shop\/?post_type=product&#038;p=2192"},"modified":"2025-12-28T10:39:38","modified_gmt":"2025-12-28T10:39:38","slug":"popfeel-new-makeup-set-eid-al-adha-beauty-kit-regalo-completo-de-cosmeticos-para-ninas-y-amigos-regalo-perfecto-de-vacaciones","status":"publish","type":"product","link":"https:\/\/waresboy.shop\/es\/producto\/popfeel-new-makeup-set-eid-al-adha-beauty-kit-regalo-completo-de-cosmeticos-para-ninas-y-amigos-regalo-perfecto-de-vacaciones\/","title":{"rendered":"Popfeel New Makeup Set, Eid Al Adha Beauty Kit, Regalo completo de cosm\u00e9ticos para ni\u00f1as y amigos, regalo perfecto de vacaciones"},"content":{"rendered":"<p><img fetchpriority=\"high\" decoding=\"async\" class=\"aligncenter\" src=\"https:\/\/waresboy.shop\/wp-content\/uploads\/2025\/12\/4-183-1024x1024.jpg\" sizes=\"(max-width: 800px) 100vw, 800px\" srcset=\"https:\/\/waresboy.shop\/wp-content\/uploads\/2025\/12\/4-183-1024x1024.jpg 1024w, https:\/\/waresboy.shop\/wp-content\/uploads\/2025\/12\/4-183-300x300.jpg 300w, https:\/\/waresboy.shop\/wp-content\/uploads\/2025\/12\/4-183-150x150.jpg 150w, https:\/\/waresboy.shop\/wp-content\/uploads\/2025\/12\/4-183-768x768.jpg 768w, https:\/\/waresboy.shop\/wp-content\/uploads\/2025\/12\/4-183-1536x1536.jpg 1536w, https:\/\/waresboy.shop\/wp-content\/uploads\/2025\/12\/4-183-600x600.jpg 600w, https:\/\/waresboy.shop\/wp-content\/uploads\/2025\/12\/4-183-100x100.jpg 100w, https:\/\/waresboy.shop\/wp-content\/uploads\/2025\/12\/4-183-50x50.jpg 50w, https:\/\/waresboy.shop\/wp-content\/uploads\/2025\/12\/4-183.jpg 2048w\" alt=\"\" width=\"800\" height=\"800\" \/><br \/>\n<img decoding=\"async\" class=\"aligncenter\" src=\"https:\/\/waresboy.shop\/wp-content\/uploads\/2025\/12\/3-202-1024x1024.jpg\" sizes=\"(max-width: 800px) 100vw, 800px\" srcset=\"https:\/\/waresboy.shop\/wp-content\/uploads\/2025\/12\/3-202-1024x1024.jpg 1024w, https:\/\/waresboy.shop\/wp-content\/uploads\/2025\/12\/3-202-300x300.jpg 300w, https:\/\/waresboy.shop\/wp-content\/uploads\/2025\/12\/3-202-150x150.jpg 150w, https:\/\/waresboy.shop\/wp-content\/uploads\/2025\/12\/3-202-768x768.jpg 768w, https:\/\/waresboy.shop\/wp-content\/uploads\/2025\/12\/3-202-1536x1536.jpg 1536w, https:\/\/waresboy.shop\/wp-content\/uploads\/2025\/12\/3-202-600x600.jpg 600w, https:\/\/waresboy.shop\/wp-content\/uploads\/2025\/12\/3-202-100x100.jpg 100w, https:\/\/waresboy.shop\/wp-content\/uploads\/2025\/12\/3-202-50x50.jpg 50w, https:\/\/waresboy.shop\/wp-content\/uploads\/2025\/12\/3-202.jpg 2048w\" alt=\"\" width=\"800\" height=\"800\" \/><br \/>\n<img decoding=\"async\" class=\"aligncenter\" src=\"https:\/\/waresboy.shop\/wp-content\/uploads\/2025\/12\/2-192-1024x1024.jpg\" sizes=\"(max-width: 800px) 100vw, 800px\" srcset=\"https:\/\/waresboy.shop\/wp-content\/uploads\/2025\/12\/2-192-1024x1024.jpg 1024w, https:\/\/waresboy.shop\/wp-content\/uploads\/2025\/12\/2-192-300x300.jpg 300w, https:\/\/waresboy.shop\/wp-content\/uploads\/2025\/12\/2-192-150x150.jpg 150w, https:\/\/waresboy.shop\/wp-content\/uploads\/2025\/12\/2-192-768x768.jpg 768w, https:\/\/waresboy.shop\/wp-content\/uploads\/2025\/12\/2-192-1536x1536.jpg 1536w, https:\/\/waresboy.shop\/wp-content\/uploads\/2025\/12\/2-192-600x600.jpg 600w, https:\/\/waresboy.shop\/wp-content\/uploads\/2025\/12\/2-192-100x100.jpg 100w, https:\/\/waresboy.shop\/wp-content\/uploads\/2025\/12\/2-192-50x50.jpg 50w, https:\/\/waresboy.shop\/wp-content\/uploads\/2025\/12\/2-192.jpg 2048w\" alt=\"\" width=\"800\" height=\"800\" \/><br \/>\n<img loading=\"lazy\" decoding=\"async\" class=\"aligncenter\" src=\"https:\/\/waresboy.shop\/wp-content\/uploads\/2025\/12\/5-119-1024x1024.jpg\" sizes=\"(max-width: 800px) 100vw, 800px\" srcset=\"https:\/\/waresboy.shop\/wp-content\/uploads\/2025\/12\/5-119-1024x1024.jpg 1024w, https:\/\/waresboy.shop\/wp-content\/uploads\/2025\/12\/5-119-300x300.jpg 300w, https:\/\/waresboy.shop\/wp-content\/uploads\/2025\/12\/5-119-150x150.jpg 150w, https:\/\/waresboy.shop\/wp-content\/uploads\/2025\/12\/5-119-768x768.jpg 768w, https:\/\/waresboy.shop\/wp-content\/uploads\/2025\/12\/5-119-1536x1536.jpg 1536w, https:\/\/waresboy.shop\/wp-content\/uploads\/2025\/12\/5-119-600x600.jpg 600w, https:\/\/waresboy.shop\/wp-content\/uploads\/2025\/12\/5-119-100x100.jpg 100w, https:\/\/waresboy.shop\/wp-content\/uploads\/2025\/12\/5-119-50x50.jpg 50w, https:\/\/waresboy.shop\/wp-content\/uploads\/2025\/12\/5-119.jpg 2048w\" alt=\"\" width=\"800\" height=\"800\" \/><\/p>\n<ul>\n<li>\u2764IDEAL ESSENTIAL MAKEUP SET - Un gran maquillaje de arranque baeuty kit. Todo en un conjunto de maquillaje de viaje est\u00e1 lleno de maquillaje vibrante. El kit de maquillaje multiusos es perfecto para lograr cualquier look de cara completa y halaga una variedad de tonos de piel.<\/li>\n<li>\ud83c\udf39PRODCUT CONTIENE - Contiene una variedad de cosm\u00e9ticos y accesorios de maquillaje, tales como sombra de ojos, l\u00e1piz labial paleta de maquillaje, cepillo comestic, blam labio, l\u00e1piz de cejas, delineador de ojos, maquillaje de la cara, lipgloss, rimel, pigmento colorido ojo, l\u00e1piz labial, crema de cejas, polvo puff.<\/li>\n<\/ul>","protected":false},"excerpt":{"rendered":"<p>\u2764IDEAL ESSENTIAL MAKEUP SET &#8212; A great starter makeup baeuty kit. All in one travel makeup set is full of vibrant makeup. The multi-purpose make up kit is perfect for achieving any full-face look and flatters a variety of skin tones. \ud83c\udf39PRODCUT CONTAINS &#8212; Contains a variety of cosmetics and makeup accessories, Such as eyeshadow, [&hellip;]<\/p>","protected":false},"featured_media":2193,"comment_status":"open","ping_status":"closed","template":"","meta":{"_acf_changed":false},"product_brand":[],"product_cat":[41],"product_tag":[],"class_list":{"0":"post-2192","1":"product","2":"type-product","3":"status-publish","4":"has-post-thumbnail","6":"product_cat-home-living","8":"first","9":"instock","10":"sale","11":"shipping-taxable","12":"purchasable","13":"product-type-simple"},"acf":[],"_links":{"self":[{"href":"https:\/\/waresboy.shop\/es\/wp-json\/wp\/v2\/product\/2192","targetHints":{"allow":["GET"]}}],"collection":[{"href":"https:\/\/waresboy.shop\/es\/wp-json\/wp\/v2\/product"}],"about":[{"href":"https:\/\/waresboy.shop\/es\/wp-json\/wp\/v2\/types\/product"}],"replies":[{"embeddable":true,"href":"https:\/\/waresboy.shop\/es\/wp-json\/wp\/v2\/comments?post=2192"}],"version-history":[{"count":2,"href":"https:\/\/waresboy.shop\/es\/wp-json\/wp\/v2\/product\/2192\/revisions"}],"predecessor-version":[{"id":2237,"href":"https:\/\/waresboy.shop\/es\/wp-json\/wp\/v2\/product\/2192\/revisions\/2237"}],"wp:featuredmedia":[{"embeddable":true,"href":"https:\/\/waresboy.shop\/es\/wp-json\/wp\/v2\/media\/2193"}],"wp:attachment":[{"href":"https:\/\/waresboy.shop\/es\/wp-json\/wp\/v2\/media?parent=2192"}],"wp:term":[{"taxonomy":"product_brand","embeddable":true,"href":"https:\/\/waresboy.shop\/es\/wp-json\/wp\/v2\/product_brand?post=2192"},{"taxonomy":"product_cat","embeddable":true,"href":"https:\/\/waresboy.shop\/es\/wp-json\/wp\/v2\/product_cat?post=2192"},{"taxonomy":"product_tag","embeddable":true,"href":"https:\/\/waresboy.shop\/es\/wp-json\/wp\/v2\/product_tag?post=2192"}],"curies":[{"name":"wp","href":"https:\/\/api.w.org\/{rel}","templated":true}]}}