{"id":2018,"date":"2025-11-09T02:56:44","date_gmt":"2025-11-09T02:56:44","guid":{"rendered":"https:\/\/waresboy.shop\/?post_type=product&#038;p=2018"},"modified":"2025-11-09T02:59:05","modified_gmt":"2025-11-09T02:59:05","slug":"fuffi-m17-prosmartphone-6-56-inches-4g-network-dual-sim-332gb-rom-android-10-0-3100mah-battery-quad-core-processor-22mp-pixels-stylish-phone","status":"publish","type":"product","link":"https:\/\/waresboy.shop\/es\/producto\/fuffi-m17-prosmartphone-6-56-inches-4g-network-dual-sim-332gb-rom-android-10-0-3100mah-battery-quad-core-processor-22mp-pixels-stylish-phone\/","title":{"rendered":"FUFFi-M17 Pro,Smartphone, 6,56 pulgadas, Red 4G, Dual SIM, 3+32GB ROM, Android 10.0, bater\u00eda 3100mAh, procesador Quad Core, 2+2MP p\u00edxeles, tel\u00e9fono con estilo"},"content":{"rendered":"<p><img fetchpriority=\"high\" decoding=\"async\" src=\"https:\/\/newbotay.shop\/wp-content\/uploads\/2025\/10\/08795f3ce24a41d29e8e3052fd05a80ftplv-t5fjg24jzw-resize-webp_800_800-1.webp\" sizes=\"(max-width: 800px) 100vw, 800px\" srcset=\"https:\/\/newbotay.shop\/wp-content\/uploads\/2025\/10\/08795f3ce24a41d29e8e3052fd05a80ftplv-t5fjg24jzw-resize-webp_800_800-1.webp 800w, https:\/\/newbotay.shop\/wp-content\/uploads\/2025\/10\/08795f3ce24a41d29e8e3052fd05a80ftplv-t5fjg24jzw-resize-webp_800_800-1-300x300.webp 300w, https:\/\/newbotay.shop\/wp-content\/uploads\/2025\/10\/08795f3ce24a41d29e8e3052fd05a80ftplv-t5fjg24jzw-resize-webp_800_800-1-150x150.webp 150w, https:\/\/newbotay.shop\/wp-content\/uploads\/2025\/10\/08795f3ce24a41d29e8e3052fd05a80ftplv-t5fjg24jzw-resize-webp_800_800-1-768x768.webp 768w, https:\/\/newbotay.shop\/wp-content\/uploads\/2025\/10\/08795f3ce24a41d29e8e3052fd05a80ftplv-t5fjg24jzw-resize-webp_800_800-1-12x12.webp 12w, https:\/\/newbotay.shop\/wp-content\/uploads\/2025\/10\/08795f3ce24a41d29e8e3052fd05a80ftplv-t5fjg24jzw-resize-webp_800_800-1-60x60.webp 60w, https:\/\/newbotay.shop\/wp-content\/uploads\/2025\/10\/08795f3ce24a41d29e8e3052fd05a80ftplv-t5fjg24jzw-resize-webp_800_800-1-110x110.webp 110w, https:\/\/newbotay.shop\/wp-content\/uploads\/2025\/10\/08795f3ce24a41d29e8e3052fd05a80ftplv-t5fjg24jzw-resize-webp_800_800-1-600x600.webp 600w, https:\/\/newbotay.shop\/wp-content\/uploads\/2025\/10\/08795f3ce24a41d29e8e3052fd05a80ftplv-t5fjg24jzw-resize-webp_800_800-1-130x130.webp 130w\" alt=\"\" width=\"800\" height=\"800\" \/><br \/>\n<img decoding=\"async\" src=\"https:\/\/newbotay.shop\/wp-content\/uploads\/2025\/10\/9c2f601ba932496fbdcfd951147535d0tplv-t5fjg24jzw-resize-webp_800_800-3.webp\" sizes=\"(max-width: 800px) 100vw, 800px\" srcset=\"https:\/\/newbotay.shop\/wp-content\/uploads\/2025\/10\/9c2f601ba932496fbdcfd951147535d0tplv-t5fjg24jzw-resize-webp_800_800-3.webp 800w, https:\/\/newbotay.shop\/wp-content\/uploads\/2025\/10\/9c2f601ba932496fbdcfd951147535d0tplv-t5fjg24jzw-resize-webp_800_800-3-300x300.webp 300w, https:\/\/newbotay.shop\/wp-content\/uploads\/2025\/10\/9c2f601ba932496fbdcfd951147535d0tplv-t5fjg24jzw-resize-webp_800_800-3-150x150.webp 150w, https:\/\/newbotay.shop\/wp-content\/uploads\/2025\/10\/9c2f601ba932496fbdcfd951147535d0tplv-t5fjg24jzw-resize-webp_800_800-3-768x768.webp 768w, https:\/\/newbotay.shop\/wp-content\/uploads\/2025\/10\/9c2f601ba932496fbdcfd951147535d0tplv-t5fjg24jzw-resize-webp_800_800-3-12x12.webp 12w, https:\/\/newbotay.shop\/wp-content\/uploads\/2025\/10\/9c2f601ba932496fbdcfd951147535d0tplv-t5fjg24jzw-resize-webp_800_800-3-60x60.webp 60w, https:\/\/newbotay.shop\/wp-content\/uploads\/2025\/10\/9c2f601ba932496fbdcfd951147535d0tplv-t5fjg24jzw-resize-webp_800_800-3-110x110.webp 110w, https:\/\/newbotay.shop\/wp-content\/uploads\/2025\/10\/9c2f601ba932496fbdcfd951147535d0tplv-t5fjg24jzw-resize-webp_800_800-3-600x600.webp 600w, https:\/\/newbotay.shop\/wp-content\/uploads\/2025\/10\/9c2f601ba932496fbdcfd951147535d0tplv-t5fjg24jzw-resize-webp_800_800-3-130x130.webp 130w\" alt=\"\" width=\"800\" height=\"800\" \/><br \/>\n<img decoding=\"async\" src=\"https:\/\/newbotay.shop\/wp-content\/uploads\/2025\/10\/1310534b03ba4171a29610dbbc15b39atplv-t5fjg24jzw-resize-webp_800_800-1.webp\" sizes=\"(max-width: 800px) 100vw, 800px\" srcset=\"https:\/\/newbotay.shop\/wp-content\/uploads\/2025\/10\/1310534b03ba4171a29610dbbc15b39atplv-t5fjg24jzw-resize-webp_800_800-1.webp 800w, https:\/\/newbotay.shop\/wp-content\/uploads\/2025\/10\/1310534b03ba4171a29610dbbc15b39atplv-t5fjg24jzw-resize-webp_800_800-1-300x300.webp 300w, https:\/\/newbotay.shop\/wp-content\/uploads\/2025\/10\/1310534b03ba4171a29610dbbc15b39atplv-t5fjg24jzw-resize-webp_800_800-1-150x150.webp 150w, https:\/\/newbotay.shop\/wp-content\/uploads\/2025\/10\/1310534b03ba4171a29610dbbc15b39atplv-t5fjg24jzw-resize-webp_800_800-1-768x768.webp 768w, https:\/\/newbotay.shop\/wp-content\/uploads\/2025\/10\/1310534b03ba4171a29610dbbc15b39atplv-t5fjg24jzw-resize-webp_800_800-1-12x12.webp 12w, https:\/\/newbotay.shop\/wp-content\/uploads\/2025\/10\/1310534b03ba4171a29610dbbc15b39atplv-t5fjg24jzw-resize-webp_800_800-1-60x60.webp 60w, https:\/\/newbotay.shop\/wp-content\/uploads\/2025\/10\/1310534b03ba4171a29610dbbc15b39atplv-t5fjg24jzw-resize-webp_800_800-1-110x110.webp 110w, https:\/\/newbotay.shop\/wp-content\/uploads\/2025\/10\/1310534b03ba4171a29610dbbc15b39atplv-t5fjg24jzw-resize-webp_800_800-1-600x600.webp 600w, https:\/\/newbotay.shop\/wp-content\/uploads\/2025\/10\/1310534b03ba4171a29610dbbc15b39atplv-t5fjg24jzw-resize-webp_800_800-1-130x130.webp 130w\" alt=\"\" width=\"800\" height=\"800\" \/><br \/>\n<img loading=\"lazy\" decoding=\"async\" src=\"https:\/\/newbotay.shop\/wp-content\/uploads\/2025\/10\/434178ef65374358902dfc492be63548tplv-t5fjg24jzw-resize-webp_800_800-1.webp\" sizes=\"(max-width: 800px) 100vw, 800px\" srcset=\"https:\/\/newbotay.shop\/wp-content\/uploads\/2025\/10\/434178ef65374358902dfc492be63548tplv-t5fjg24jzw-resize-webp_800_800-1.webp 800w, https:\/\/newbotay.shop\/wp-content\/uploads\/2025\/10\/434178ef65374358902dfc492be63548tplv-t5fjg24jzw-resize-webp_800_800-1-300x300.webp 300w, https:\/\/newbotay.shop\/wp-content\/uploads\/2025\/10\/434178ef65374358902dfc492be63548tplv-t5fjg24jzw-resize-webp_800_800-1-150x150.webp 150w, https:\/\/newbotay.shop\/wp-content\/uploads\/2025\/10\/434178ef65374358902dfc492be63548tplv-t5fjg24jzw-resize-webp_800_800-1-768x768.webp 768w, https:\/\/newbotay.shop\/wp-content\/uploads\/2025\/10\/434178ef65374358902dfc492be63548tplv-t5fjg24jzw-resize-webp_800_800-1-12x12.webp 12w, https:\/\/newbotay.shop\/wp-content\/uploads\/2025\/10\/434178ef65374358902dfc492be63548tplv-t5fjg24jzw-resize-webp_800_800-1-60x60.webp 60w, https:\/\/newbotay.shop\/wp-content\/uploads\/2025\/10\/434178ef65374358902dfc492be63548tplv-t5fjg24jzw-resize-webp_800_800-1-110x110.webp 110w, https:\/\/newbotay.shop\/wp-content\/uploads\/2025\/10\/434178ef65374358902dfc492be63548tplv-t5fjg24jzw-resize-webp_800_800-1-600x600.webp 600w, https:\/\/newbotay.shop\/wp-content\/uploads\/2025\/10\/434178ef65374358902dfc492be63548tplv-t5fjg24jzw-resize-webp_800_800-1-130x130.webp 130w\" alt=\"\" width=\"800\" height=\"800\" \/><br \/>\n<img loading=\"lazy\" decoding=\"async\" src=\"https:\/\/newbotay.shop\/wp-content\/uploads\/2025\/10\/9617e81b401c4b29bc74aa6c9983fc97tplv-t5fjg24jzw-resize-webp_800_800-3.webp\" sizes=\"(max-width: 800px) 100vw, 800px\" srcset=\"https:\/\/newbotay.shop\/wp-content\/uploads\/2025\/10\/9617e81b401c4b29bc74aa6c9983fc97tplv-t5fjg24jzw-resize-webp_800_800-3.webp 800w, https:\/\/newbotay.shop\/wp-content\/uploads\/2025\/10\/9617e81b401c4b29bc74aa6c9983fc97tplv-t5fjg24jzw-resize-webp_800_800-3-300x300.webp 300w, https:\/\/newbotay.shop\/wp-content\/uploads\/2025\/10\/9617e81b401c4b29bc74aa6c9983fc97tplv-t5fjg24jzw-resize-webp_800_800-3-150x150.webp 150w, https:\/\/newbotay.shop\/wp-content\/uploads\/2025\/10\/9617e81b401c4b29bc74aa6c9983fc97tplv-t5fjg24jzw-resize-webp_800_800-3-768x768.webp 768w, https:\/\/newbotay.shop\/wp-content\/uploads\/2025\/10\/9617e81b401c4b29bc74aa6c9983fc97tplv-t5fjg24jzw-resize-webp_800_800-3-12x12.webp 12w, https:\/\/newbotay.shop\/wp-content\/uploads\/2025\/10\/9617e81b401c4b29bc74aa6c9983fc97tplv-t5fjg24jzw-resize-webp_800_800-3-60x60.webp 60w, https:\/\/newbotay.shop\/wp-content\/uploads\/2025\/10\/9617e81b401c4b29bc74aa6c9983fc97tplv-t5fjg24jzw-resize-webp_800_800-3-110x110.webp 110w, https:\/\/newbotay.shop\/wp-content\/uploads\/2025\/10\/9617e81b401c4b29bc74aa6c9983fc97tplv-t5fjg24jzw-resize-webp_800_800-3-600x600.webp 600w, https:\/\/newbotay.shop\/wp-content\/uploads\/2025\/10\/9617e81b401c4b29bc74aa6c9983fc97tplv-t5fjg24jzw-resize-webp_800_800-3-130x130.webp 130w\" alt=\"\" width=\"800\" height=\"800\" \/><br \/>\n<img loading=\"lazy\" decoding=\"async\" src=\"https:\/\/newbotay.shop\/wp-content\/uploads\/2025\/10\/723e957388144dd6b14cf4e33fc68ae5tplv-t5fjg24jzw-resize-webp_800_800-3.webp\" sizes=\"(max-width: 800px) 100vw, 800px\" srcset=\"https:\/\/newbotay.shop\/wp-content\/uploads\/2025\/10\/723e957388144dd6b14cf4e33fc68ae5tplv-t5fjg24jzw-resize-webp_800_800-3.webp 800w, https:\/\/newbotay.shop\/wp-content\/uploads\/2025\/10\/723e957388144dd6b14cf4e33fc68ae5tplv-t5fjg24jzw-resize-webp_800_800-3-300x300.webp 300w, https:\/\/newbotay.shop\/wp-content\/uploads\/2025\/10\/723e957388144dd6b14cf4e33fc68ae5tplv-t5fjg24jzw-resize-webp_800_800-3-150x150.webp 150w, https:\/\/newbotay.shop\/wp-content\/uploads\/2025\/10\/723e957388144dd6b14cf4e33fc68ae5tplv-t5fjg24jzw-resize-webp_800_800-3-768x768.webp 768w, https:\/\/newbotay.shop\/wp-content\/uploads\/2025\/10\/723e957388144dd6b14cf4e33fc68ae5tplv-t5fjg24jzw-resize-webp_800_800-3-12x12.webp 12w, https:\/\/newbotay.shop\/wp-content\/uploads\/2025\/10\/723e957388144dd6b14cf4e33fc68ae5tplv-t5fjg24jzw-resize-webp_800_800-3-60x60.webp 60w, https:\/\/newbotay.shop\/wp-content\/uploads\/2025\/10\/723e957388144dd6b14cf4e33fc68ae5tplv-t5fjg24jzw-resize-webp_800_800-3-110x110.webp 110w, https:\/\/newbotay.shop\/wp-content\/uploads\/2025\/10\/723e957388144dd6b14cf4e33fc68ae5tplv-t5fjg24jzw-resize-webp_800_800-3-600x600.webp 600w, https:\/\/newbotay.shop\/wp-content\/uploads\/2025\/10\/723e957388144dd6b14cf4e33fc68ae5tplv-t5fjg24jzw-resize-webp_800_800-3-130x130.webp 130w\" alt=\"\" width=\"800\" height=\"800\" \/><\/p>\n<ul>\n<li>\u3010Procesador de cuatro nucleos\u3011:Equipado con un potente procesador de cuatro nucleos, garantizando un rendimiento eficiente durante la multitarea y el uso diario.<\/li>\n<li>\u3010Dual SIM Capability\u3011:Soporta la funcionalidad de doble SIM para una conectividad mejorada y la gesti\u00f3n de numeros telef\u00f3nicos personales y profesionales.<\/li>\n<li>\u3010Almacenamiento de 64GB\u3011:Ofrece 32GB de almacenamiento interno, ampliable a trav\u00e9s de tarjetas de memoria, adecuado para almacenar aplicaciones y medios.<\/li>\n<li>\u3010Sistema operativo Android 10.0\u3011:Ejecuta Android 10.0, proporcionando a los usuarios una interfaz moderna y acceso a una variedad de aplicaciones y funciones.<\/li>\n<li>\u3010C\u00e1maras Duales de 2MP\u3011:Cuenta con un conjunto de c\u00e1maras duales de 2MP para satisfacer las necesidades b\u00e1sicas de fotograf\u00eda, permitiendo a los usuarios capturar momentos diarios.<\/li>\n<\/ul>","protected":false},"excerpt":{"rendered":"<p>\u3010Procesador de cuatro nucleos\u3011:Equipado con un potente procesador de cuatro nucleos, garantizando un rendimiento eficiente durante la multitasking y el uso diario. \u3010Dual SIM Capability\u3011:Soporta la funcionalidad de doble SIM para una conectividad mejorada y la gesti\u00f3n de numeros telefonicos personales y profesionales. \u3010Almacenamiento de 64GB\u3011:Ofrece 32GB de almacenaje interno, ampliable a trav\u00e9s de tarjetas [&hellip;]<\/p>","protected":false},"featured_media":2023,"comment_status":"open","ping_status":"closed","template":"","meta":{"_acf_changed":false},"product_brand":[],"product_cat":[47],"product_tag":[],"class_list":{"0":"post-2018","1":"product","2":"type-product","3":"status-publish","4":"has-post-thumbnail","6":"product_cat-best-seller","8":"first","9":"instock","10":"shipping-taxable","11":"purchasable","12":"product-type-variable","13":"has-default-attributes","14":"wvs-archive-product-wrapper"},"acf":[],"_links":{"self":[{"href":"https:\/\/waresboy.shop\/es\/wp-json\/wp\/v2\/product\/2018","targetHints":{"allow":["GET"]}}],"collection":[{"href":"https:\/\/waresboy.shop\/es\/wp-json\/wp\/v2\/product"}],"about":[{"href":"https:\/\/waresboy.shop\/es\/wp-json\/wp\/v2\/types\/product"}],"replies":[{"embeddable":true,"href":"https:\/\/waresboy.shop\/es\/wp-json\/wp\/v2\/comments?post=2018"}],"version-history":[{"count":1,"href":"https:\/\/waresboy.shop\/es\/wp-json\/wp\/v2\/product\/2018\/revisions"}],"predecessor-version":[{"id":2024,"href":"https:\/\/waresboy.shop\/es\/wp-json\/wp\/v2\/product\/2018\/revisions\/2024"}],"wp:featuredmedia":[{"embeddable":true,"href":"https:\/\/waresboy.shop\/es\/wp-json\/wp\/v2\/media\/2023"}],"wp:attachment":[{"href":"https:\/\/waresboy.shop\/es\/wp-json\/wp\/v2\/media?parent=2018"}],"wp:term":[{"taxonomy":"product_brand","embeddable":true,"href":"https:\/\/waresboy.shop\/es\/wp-json\/wp\/v2\/product_brand?post=2018"},{"taxonomy":"product_cat","embeddable":true,"href":"https:\/\/waresboy.shop\/es\/wp-json\/wp\/v2\/product_cat?post=2018"},{"taxonomy":"product_tag","embeddable":true,"href":"https:\/\/waresboy.shop\/es\/wp-json\/wp\/v2\/product_tag?post=2018"}],"curies":[{"name":"wp","href":"https:\/\/api.w.org\/{rel}","templated":true}]}}